{"id":771,"date":"2025-01-27T09:50:12","date_gmt":"2025-01-27T09:50:12","guid":{"rendered":"https:\/\/undiaextra.com\/ude23\/?page_id=771"},"modified":"2025-04-14T19:47:49","modified_gmt":"2025-04-14T19:47:49","slug":"gestion-del-cambio","status":"publish","type":"page","link":"https:\/\/undiaextra.com\/ude23\/gestion-del-cambio\/","title":{"rendered":"Gesti\u00f3n del cambio"},"content":{"rendered":"\t\t<div data-elementor-type=\"wp-page\" data-elementor-id=\"771\" class=\"elementor elementor-771\">\n\t\t\t\t\t\t<section class=\"elementor-section elementor-top-section elementor-element elementor-element-0567f97 elementor-section-boxed elementor-section-height-default elementor-section-height-default\" data-id=\"0567f97\" data-element_type=\"section\" data-settings=\"{&quot;background_background&quot;:&quot;classic&quot;}\">\n\t\t\t\t\t\t<div class=\"elementor-container elementor-column-gap-default\">\n\t\t\t\t\t<div class=\"aux-parallax-section elementor-column elementor-col-100 elementor-top-column elementor-element elementor-element-21c5204\" data-id=\"21c5204\" data-element_type=\"column\">\n\t\t\t<div class=\"elementor-widget-wrap elementor-element-populated\">\n\t\t\t\t\t\t<div class=\"elementor-element elementor-element-f6e95ba elementor-widget__width-initial elementor-widget elementor-widget-heading\" data-id=\"f6e95ba\" data-element_type=\"widget\" data-widget_type=\"heading.default\">\n\t\t\t\t<div class=\"elementor-widget-container\">\n\t\t\t\t\t<h2 class=\"elementor-heading-title elementor-size-default\">Gesti\u00f3n <b>del cambio<\/b><\/h2>\t\t\t\t<\/div>\n\t\t\t\t<\/div>\n\t\t\t\t\t<\/div>\n\t\t<\/div>\n\t\t\t\t\t<\/div>\n\t\t<\/section>\n\t\t\t\t<section class=\"elementor-section elementor-top-section elementor-element elementor-element-7c63478 elementor-section-height-min-height elementor-section-boxed elementor-section-height-default elementor-section-items-middle\" data-id=\"7c63478\" data-element_type=\"section\">\n\t\t\t\t\t\t<div class=\"elementor-container elementor-column-gap-default\">\n\t\t\t\t\t<div class=\"aux-parallax-section elementor-column elementor-col-100 elementor-top-column elementor-element elementor-element-d7b7a8e\" data-id=\"d7b7a8e\" data-element_type=\"column\">\n\t\t\t<div class=\"elementor-widget-wrap elementor-element-populated\">\n\t\t\t\t\t\t<div class=\"elementor-element elementor-element-9017926 elementor-widget elementor-widget-image\" data-id=\"9017926\" data-element_type=\"widget\" data-widget_type=\"image.default\">\n\t\t\t\t<div class=\"elementor-widget-container\">\n\t\t\t\t\t\t\t\t\t\t\t\t\t\t\t<img fetchpriority=\"high\" decoding=\"async\" width=\"1024\" height=\"1024\" src=\"https:\/\/undiaextra.com\/ude23\/wp-content\/uploads\/2025\/04\/IMG_0374-1024x1024.jpg\" class=\"attachment-large size-large wp-image-822\" alt=\"\" srcset=\"https:\/\/undiaextra.com\/ude23\/wp-content\/uploads\/2025\/04\/IMG_0374-1024x1024.jpg 1024w, https:\/\/undiaextra.com\/ude23\/wp-content\/uploads\/2025\/04\/IMG_0374-300x300.jpg 300w, https:\/\/undiaextra.com\/ude23\/wp-content\/uploads\/2025\/04\/IMG_0374-150x150.jpg 150w, https:\/\/undiaextra.com\/ude23\/wp-content\/uploads\/2025\/04\/IMG_0374-768x768.jpg 768w\" sizes=\"(max-width: 1024px) 100vw, 1024px\" \/>\t\t\t\t\t\t\t\t\t\t\t\t\t\t\t<\/div>\n\t\t\t\t<\/div>\n\t\t\t\t\t<\/div>\n\t\t<\/div>\n\t\t\t\t\t<\/div>\n\t\t<\/section>\n\t\t\t\t<section class=\"elementor-section elementor-top-section elementor-element elementor-element-f450f6d elementor-section-boxed elementor-section-height-default elementor-section-height-default\" data-id=\"f450f6d\" data-element_type=\"section\">\n\t\t\t\t\t\t<div class=\"elementor-container elementor-column-gap-default\">\n\t\t\t\t\t<div class=\"aux-parallax-section elementor-column elementor-col-100 elementor-top-column elementor-element elementor-element-40775b9\" data-id=\"40775b9\" data-element_type=\"column\">\n\t\t\t<div class=\"elementor-widget-wrap elementor-element-populated\">\n\t\t\t\t\t\t<div class=\"elementor-element elementor-element-0f925d8 elementor-widget elementor-widget-spacer\" data-id=\"0f925d8\" data-element_type=\"widget\" data-widget_type=\"spacer.default\">\n\t\t\t\t<div class=\"elementor-widget-container\">\n\t\t\t\t\t\t\t<div class=\"elementor-spacer\">\n\t\t\t<div class=\"elementor-spacer-inner\"><\/div>\n\t\t<\/div>\n\t\t\t\t\t\t<\/div>\n\t\t\t\t<\/div>\n\t\t\t\t\t<\/div>\n\t\t<\/div>\n\t\t\t\t\t<\/div>\n\t\t<\/section>\n\t\t\t\t<section class=\"elementor-section elementor-top-section elementor-element elementor-element-d1d782d elementor-section-boxed elementor-section-height-default elementor-section-height-default\" data-id=\"d1d782d\" data-element_type=\"section\">\n\t\t\t\t\t\t<div class=\"elementor-container elementor-column-gap-default\">\n\t\t\t\t\t<div class=\"aux-parallax-section elementor-column elementor-col-33 elementor-top-column elementor-element elementor-element-e505b42\" data-id=\"e505b42\" data-element_type=\"column\">\n\t\t\t<div class=\"elementor-widget-wrap elementor-element-populated\">\n\t\t\t\t\t\t<div class=\"elementor-element elementor-element-12ba871 elementor-widget elementor-widget-image\" data-id=\"12ba871\" data-element_type=\"widget\" data-widget_type=\"image.default\">\n\t\t\t\t<div class=\"elementor-widget-container\">\n\t\t\t\t\t\t\t\t\t\t\t\t\t\t\t<img decoding=\"async\" width=\"1024\" height=\"1024\" src=\"https:\/\/undiaextra.com\/ude23\/wp-content\/uploads\/2025\/04\/IMG_0425-1024x1024.jpg\" class=\"attachment-large size-large wp-image-823\" alt=\"\" srcset=\"https:\/\/undiaextra.com\/ude23\/wp-content\/uploads\/2025\/04\/IMG_0425-1024x1024.jpg 1024w, https:\/\/undiaextra.com\/ude23\/wp-content\/uploads\/2025\/04\/IMG_0425-300x300.jpg 300w, https:\/\/undiaextra.com\/ude23\/wp-content\/uploads\/2025\/04\/IMG_0425-150x150.jpg 150w, https:\/\/undiaextra.com\/ude23\/wp-content\/uploads\/2025\/04\/IMG_0425-768x768.jpg 768w\" sizes=\"(max-width: 1024px) 100vw, 1024px\" \/>\t\t\t\t\t\t\t\t\t\t\t\t\t\t\t<\/div>\n\t\t\t\t<\/div>\n\t\t\t\t\t<\/div>\n\t\t<\/div>\n\t\t\t\t<div class=\"aux-parallax-section elementor-column elementor-col-66 elementor-top-column elementor-element elementor-element-c9698cb\" data-id=\"c9698cb\" data-element_type=\"column\">\n\t\t\t<div class=\"elementor-widget-wrap elementor-element-populated\">\n\t\t\t\t\t\t<div class=\"elementor-element elementor-element-bc80632 elementor-widget elementor-widget-text-editor\" data-id=\"bc80632\" data-element_type=\"widget\" data-widget_type=\"text-editor.default\">\n\t\t\t\t<div class=\"elementor-widget-container\">\n\t\t\t\t\t\t\t\t\t<p class=\"\" data-start=\"202\" data-end=\"412\">Acompa\u00f1amos a las organizaciones en el dise\u00f1o e implementaci\u00f3n de estrategias integrales de gesti\u00f3n del cambio, con el objetivo de facilitar transiciones organizacionales de forma \u00e1gil, estructurada y efectiva.<\/p><p class=\"\" data-start=\"414\" data-end=\"811\">Nuestro enfoque se apoya en nuestro <i>Modelo de Ingenier\u00eda de H\u00e1bitos<\/i>, el cual se desarrolla en cuatro fases: <strong data-start=\"517\" data-end=\"581\">sensibilizaci\u00f3n, dise\u00f1o de h\u00e1bitos, adopci\u00f3n y reforzamiento<\/strong>. Esta estructura permite guiar a los equipos a lo largo del proceso de cambio, proporcionando herramientas concretas para reducir la resistencia, fomentar la participaci\u00f3n y promover la adopci\u00f3n de nuevas pr\u00e1cticas con confianza.<\/p><p class=\"\" data-start=\"813\" data-end=\"1132\">Como parte de este acompa\u00f1amiento, se implementan iniciativas clave como la elaboraci\u00f3n de materiales educativos, sesiones de capacitaci\u00f3n especializadas, planes de comunicaci\u00f3n segmentados por audiencia y canal, y la conformaci\u00f3n de una red de agentes de cambio que act\u00faan como facilitadores dentro de la organizaci\u00f3n.<\/p><p class=\"\" data-start=\"1134\" data-end=\"1357\">Este enfoque permite una adopci\u00f3n progresiva de los nuevos h\u00e1bitos organizacionales, promoviendo el compromiso de los colaboradores e impulsando una transformaci\u00f3n alineada con los objetivos estrat\u00e9gicos de la organizaci\u00f3n.<\/p>\t\t\t\t\t\t\t\t<\/div>\n\t\t\t\t<\/div>\n\t\t\t\t\t<\/div>\n\t\t<\/div>\n\t\t\t\t\t<\/div>\n\t\t<\/section>\n\t\t\t\t<section class=\"elementor-section elementor-top-section elementor-element elementor-element-6f3ecdb elementor-section-boxed elementor-section-height-default elementor-section-height-default\" data-id=\"6f3ecdb\" data-element_type=\"section\">\n\t\t\t\t\t\t<div class=\"elementor-container elementor-column-gap-default\">\n\t\t\t\t\t<div class=\"aux-parallax-section elementor-column elementor-col-100 elementor-top-column elementor-element elementor-element-30e855d\" data-id=\"30e855d\" data-element_type=\"column\">\n\t\t\t<div class=\"elementor-widget-wrap elementor-element-populated\">\n\t\t\t\t\t\t<div class=\"elementor-element elementor-element-e5df777 elementor-widget elementor-widget-spacer\" data-id=\"e5df777\" data-element_type=\"widget\" data-widget_type=\"spacer.default\">\n\t\t\t\t<div class=\"elementor-widget-container\">\n\t\t\t\t\t\t\t<div class=\"elementor-spacer\">\n\t\t\t<div class=\"elementor-spacer-inner\"><\/div>\n\t\t<\/div>\n\t\t\t\t\t\t<\/div>\n\t\t\t\t<\/div>\n\t\t\t\t\t<\/div>\n\t\t<\/div>\n\t\t\t\t\t<\/div>\n\t\t<\/section>\n\t\t\t\t<section class=\"elementor-section elementor-top-section elementor-element elementor-element-d8c9962 elementor-section-boxed elementor-section-height-default elementor-section-height-default\" data-id=\"d8c9962\" data-element_type=\"section\">\n\t\t\t\t\t\t<div class=\"elementor-container elementor-column-gap-extended\">\n\t\t\t\t\t<div class=\"aux-parallax-section elementor-column elementor-col-33 elementor-top-column elementor-element elementor-element-7ad19a4\" data-id=\"7ad19a4\" data-element_type=\"column\">\n\t\t\t<div class=\"elementor-widget-wrap elementor-element-populated\">\n\t\t\t\t\t\t<div class=\"elementor-element elementor-element-7caeab4 elementor-widget elementor-widget-aux_circle_chart\" data-id=\"7caeab4\" data-element_type=\"widget\" data-widget_type=\"aux_circle_chart.default\">\n\t\t\t\t<div class=\"elementor-widget-container\">\n\t\t\t\t\t        <span class='aux-chart-title'><\/span>\n        <div class=\"aux-circle-chart-wrapper\">\n            <div class=\"aux-bg-circle\"><\/div>\n            <div class=\"aux-circle-chart aux-animate\">\n                <span class='aux-number'>95<span>%<\/span><\/span>\n                <span class=\"aux-chart-subtitle\"><\/span>\n            <\/div>\n        <\/div>\n        \t\t\t\t<\/div>\n\t\t\t\t<\/div>\n\t\t\t\t<div class=\"elementor-element elementor-element-1ca031d elementor-widget elementor-widget-text-editor\" data-id=\"1ca031d\" data-element_type=\"widget\" data-widget_type=\"text-editor.default\">\n\t\t\t\t<div class=\"elementor-widget-container\">\n\t\t\t\t\t\t\t\t\t<p style=\"text-align: center;\"><strong>de adhesi\u00f3n<\/strong> al plan de comunicaci\u00f3n establecido, garantizando una difusi\u00f3n efectiva de la informaci\u00f3n clave en todas las \u00e1reas de la organizaci\u00f3n.<\/p>\t\t\t\t\t\t\t\t<\/div>\n\t\t\t\t<\/div>\n\t\t\t\t\t<\/div>\n\t\t<\/div>\n\t\t\t\t<div class=\"aux-parallax-section elementor-column elementor-col-33 elementor-top-column elementor-element elementor-element-9807ac9\" data-id=\"9807ac9\" data-element_type=\"column\">\n\t\t\t<div class=\"elementor-widget-wrap elementor-element-populated\">\n\t\t\t\t\t\t<div class=\"elementor-element elementor-element-0095899 elementor-widget elementor-widget-aux_circle_chart\" data-id=\"0095899\" data-element_type=\"widget\" data-widget_type=\"aux_circle_chart.default\">\n\t\t\t\t<div class=\"elementor-widget-container\">\n\t\t\t\t\t        <span class='aux-chart-title'><\/span>\n        <div class=\"aux-circle-chart-wrapper\">\n            <div class=\"aux-bg-circle\"><\/div>\n            <div class=\"aux-circle-chart aux-animate\">\n                <span class='aux-number'>90<span>%<\/span><\/span>\n                <span class=\"aux-chart-subtitle\"><\/span>\n            <\/div>\n        <\/div>\n        \t\t\t\t<\/div>\n\t\t\t\t<\/div>\n\t\t\t\t<div class=\"elementor-element elementor-element-1c79413 elementor-widget elementor-widget-text-editor\" data-id=\"1c79413\" data-element_type=\"widget\" data-widget_type=\"text-editor.default\">\n\t\t\t\t<div class=\"elementor-widget-container\">\n\t\t\t\t\t\t\t\t\t<p style=\"text-align: center;\"><strong>de aceptaci\u00f3n positiva<\/strong> del plan de cambio por parte de los colaboradores, reflejada en las encuestas internas realizadas durante el proceso de sensibilizaci\u00f3n y adopci\u00f3n.<\/p>\t\t\t\t\t\t\t\t<\/div>\n\t\t\t\t<\/div>\n\t\t\t\t\t<\/div>\n\t\t<\/div>\n\t\t\t\t<div class=\"aux-parallax-section elementor-column elementor-col-33 elementor-top-column elementor-element elementor-element-df05916\" data-id=\"df05916\" data-element_type=\"column\">\n\t\t\t<div class=\"elementor-widget-wrap elementor-element-populated\">\n\t\t\t\t\t\t<div class=\"elementor-element elementor-element-1167f6f elementor-widget elementor-widget-aux_circle_chart\" data-id=\"1167f6f\" data-element_type=\"widget\" data-widget_type=\"aux_circle_chart.default\">\n\t\t\t\t<div class=\"elementor-widget-container\">\n\t\t\t\t\t        <span class='aux-chart-title'><\/span>\n        <div class=\"aux-circle-chart-wrapper\">\n            <div class=\"aux-bg-circle\"><\/div>\n            <div class=\"aux-circle-chart aux-animate\">\n                <span class='aux-number'>85<span>%<\/span><\/span>\n                <span class=\"aux-chart-subtitle\"><\/span>\n            <\/div>\n        <\/div>\n        \t\t\t\t<\/div>\n\t\t\t\t<\/div>\n\t\t\t\t<div class=\"elementor-element elementor-element-13c9f68 elementor-widget elementor-widget-text-editor\" data-id=\"13c9f68\" data-element_type=\"widget\" data-widget_type=\"text-editor.default\">\n\t\t\t\t<div class=\"elementor-widget-container\">\n\t\t\t\t\t\t\t\t\t<p style=\"text-align: center;\"><strong>\u00a0de participaci\u00f3n activa<\/strong> en los talleres de sensibilizaci\u00f3n y capacitaci\u00f3n, evidenciando el compromiso de los equipos con la transformaci\u00f3n organizacional.<\/p>\t\t\t\t\t\t\t\t<\/div>\n\t\t\t\t<\/div>\n\t\t\t\t\t<\/div>\n\t\t<\/div>\n\t\t\t\t\t<\/div>\n\t\t<\/section>\n\t\t\t\t<section class=\"elementor-section elementor-top-section elementor-element elementor-element-21575ba elementor-section-boxed elementor-section-height-default elementor-section-height-default\" data-id=\"21575ba\" data-element_type=\"section\">\n\t\t\t\t\t\t<div class=\"elementor-container elementor-column-gap-default\">\n\t\t\t\t\t<div class=\"aux-parallax-section elementor-column elementor-col-100 elementor-top-column elementor-element elementor-element-ee793d1\" data-id=\"ee793d1\" data-element_type=\"column\">\n\t\t\t<div class=\"elementor-widget-wrap elementor-element-populated\">\n\t\t\t\t\t\t<div class=\"elementor-element elementor-element-e016725 elementor-widget elementor-widget-spacer\" data-id=\"e016725\" data-element_type=\"widget\" data-widget_type=\"spacer.default\">\n\t\t\t\t<div class=\"elementor-widget-container\">\n\t\t\t\t\t\t\t<div class=\"elementor-spacer\">\n\t\t\t<div class=\"elementor-spacer-inner\"><\/div>\n\t\t<\/div>\n\t\t\t\t\t\t<\/div>\n\t\t\t\t<\/div>\n\t\t\t\t\t<\/div>\n\t\t<\/div>\n\t\t\t\t\t<\/div>\n\t\t<\/section>\n\t\t\t\t<\/div>\n\t\t","protected":false},"excerpt":{"rendered":"<p>Gesti\u00f3n del cambio Acompa\u00f1amos a las organizaciones en el dise\u00f1o e implementaci\u00f3n de estrategias integrales de gesti\u00f3n del cambio, con el objetivo de facilitar transiciones organizacionales de forma \u00e1gil, estructurada y efectiva. Nuestro enfoque se apoya en nuestro Modelo de Ingenier\u00eda de H\u00e1bitos, el cual se desarrolla en cuatro fases: sensibilizaci\u00f3n, dise\u00f1o de h\u00e1bitos, adopci\u00f3n [&hellip;]<\/p>\n","protected":false},"author":2,"featured_media":0,"parent":0,"menu_order":0,"comment_status":"closed","ping_status":"closed","template":"elementor_canvas","meta":{"footnotes":""},"class_list":["post-771","page","type-page","status-publish","hentry"],"_links":{"self":[{"href":"https:\/\/undiaextra.com\/ude23\/wp-json\/wp\/v2\/pages\/771","targetHints":{"allow":["GET"]}}],"collection":[{"href":"https:\/\/undiaextra.com\/ude23\/wp-json\/wp\/v2\/pages"}],"about":[{"href":"https:\/\/undiaextra.com\/ude23\/wp-json\/wp\/v2\/types\/page"}],"author":[{"embeddable":true,"href":"https:\/\/undiaextra.com\/ude23\/wp-json\/wp\/v2\/users\/2"}],"replies":[{"embeddable":true,"href":"https:\/\/undiaextra.com\/ude23\/wp-json\/wp\/v2\/comments?post=771"}],"version-history":[{"count":15,"href":"https:\/\/undiaextra.com\/ude23\/wp-json\/wp\/v2\/pages\/771\/revisions"}],"predecessor-version":[{"id":1037,"href":"https:\/\/undiaextra.com\/ude23\/wp-json\/wp\/v2\/pages\/771\/revisions\/1037"}],"wp:attachment":[{"href":"https:\/\/undiaextra.com\/ude23\/wp-json\/wp\/v2\/media?parent=771"}],"curies":[{"name":"wp","href":"https:\/\/api.w.org\/{rel}","templated":true}]}}