{"id":792,"date":"2025-04-07T10:07:24","date_gmt":"2025-04-07T10:07:24","guid":{"rendered":"https:\/\/undiaextra.com\/ude23\/?page_id=792"},"modified":"2025-04-14T19:45:28","modified_gmt":"2025-04-14T19:45:28","slug":"lean","status":"publish","type":"page","link":"https:\/\/undiaextra.com\/ude23\/lean\/","title":{"rendered":"Lean"},"content":{"rendered":"\t\t<div data-elementor-type=\"wp-page\" data-elementor-id=\"792\" class=\"elementor elementor-792\">\n\t\t\t\t\t\t<section class=\"elementor-section elementor-top-section elementor-element elementor-element-0567f97 elementor-section-boxed elementor-section-height-default elementor-section-height-default\" data-id=\"0567f97\" data-element_type=\"section\" data-settings=\"{&quot;background_background&quot;:&quot;classic&quot;}\">\n\t\t\t\t\t\t<div class=\"elementor-container elementor-column-gap-default\">\n\t\t\t\t\t<div class=\"aux-parallax-section elementor-column elementor-col-100 elementor-top-column elementor-element elementor-element-21c5204\" data-id=\"21c5204\" data-element_type=\"column\">\n\t\t\t<div class=\"elementor-widget-wrap elementor-element-populated\">\n\t\t\t\t\t\t<div class=\"elementor-element elementor-element-f6e95ba elementor-widget__width-initial elementor-widget elementor-widget-heading\" data-id=\"f6e95ba\" data-element_type=\"widget\" data-widget_type=\"heading.default\">\n\t\t\t\t<div class=\"elementor-widget-container\">\n\t\t\t\t\t<h2 class=\"elementor-heading-title elementor-size-default\">Lean<\/h2>\t\t\t\t<\/div>\n\t\t\t\t<\/div>\n\t\t\t\t\t<\/div>\n\t\t<\/div>\n\t\t\t\t\t<\/div>\n\t\t<\/section>\n\t\t\t\t<section class=\"elementor-section elementor-top-section elementor-element elementor-element-7c63478 elementor-section-height-min-height elementor-section-boxed elementor-section-height-default elementor-section-items-middle\" data-id=\"7c63478\" data-element_type=\"section\">\n\t\t\t\t\t\t<div class=\"elementor-container elementor-column-gap-default\">\n\t\t\t\t\t<div class=\"aux-parallax-section elementor-column elementor-col-100 elementor-top-column elementor-element elementor-element-d7b7a8e\" data-id=\"d7b7a8e\" data-element_type=\"column\">\n\t\t\t<div class=\"elementor-widget-wrap elementor-element-populated\">\n\t\t\t\t\t\t<div class=\"elementor-element elementor-element-9017926 elementor-widget elementor-widget-image\" data-id=\"9017926\" data-element_type=\"widget\" data-widget_type=\"image.default\">\n\t\t\t\t<div class=\"elementor-widget-container\">\n\t\t\t\t\t\t\t\t\t\t\t\t\t\t\t<img fetchpriority=\"high\" decoding=\"async\" width=\"1536\" height=\"1152\" src=\"https:\/\/undiaextra.com\/ude23\/wp-content\/uploads\/2025\/04\/IMG_9699-1536x1152.jpg\" class=\"attachment-1536x1536 size-1536x1536 wp-image-818\" alt=\"\" srcset=\"https:\/\/undiaextra.com\/ude23\/wp-content\/uploads\/2025\/04\/IMG_9699-1536x1152.jpg 1536w, https:\/\/undiaextra.com\/ude23\/wp-content\/uploads\/2025\/04\/IMG_9699-2048x1536.jpg 2048w\" sizes=\"(max-width: 1536px) 100vw, 1536px\" \/>\t\t\t\t\t\t\t\t\t\t\t\t\t\t\t<\/div>\n\t\t\t\t<\/div>\n\t\t\t\t\t<\/div>\n\t\t<\/div>\n\t\t\t\t\t<\/div>\n\t\t<\/section>\n\t\t\t\t<section class=\"elementor-section elementor-top-section elementor-element elementor-element-f450f6d elementor-section-boxed elementor-section-height-default elementor-section-height-default\" data-id=\"f450f6d\" data-element_type=\"section\">\n\t\t\t\t\t\t<div class=\"elementor-container elementor-column-gap-default\">\n\t\t\t\t\t<div class=\"aux-parallax-section elementor-column elementor-col-100 elementor-top-column elementor-element elementor-element-40775b9\" data-id=\"40775b9\" data-element_type=\"column\">\n\t\t\t<div class=\"elementor-widget-wrap elementor-element-populated\">\n\t\t\t\t\t\t<div class=\"elementor-element elementor-element-0f925d8 elementor-widget elementor-widget-spacer\" data-id=\"0f925d8\" data-element_type=\"widget\" data-widget_type=\"spacer.default\">\n\t\t\t\t<div class=\"elementor-widget-container\">\n\t\t\t\t\t\t\t<div class=\"elementor-spacer\">\n\t\t\t<div class=\"elementor-spacer-inner\"><\/div>\n\t\t<\/div>\n\t\t\t\t\t\t<\/div>\n\t\t\t\t<\/div>\n\t\t\t\t\t<\/div>\n\t\t<\/div>\n\t\t\t\t\t<\/div>\n\t\t<\/section>\n\t\t\t\t<section class=\"elementor-section elementor-top-section elementor-element elementor-element-d1d782d elementor-section-boxed elementor-section-height-default elementor-section-height-default\" data-id=\"d1d782d\" data-element_type=\"section\">\n\t\t\t\t\t\t<div class=\"elementor-container elementor-column-gap-default\">\n\t\t\t\t\t<div class=\"aux-parallax-section elementor-column elementor-col-33 elementor-top-column elementor-element elementor-element-e505b42\" data-id=\"e505b42\" data-element_type=\"column\">\n\t\t\t<div class=\"elementor-widget-wrap elementor-element-populated\">\n\t\t\t\t\t\t<div class=\"elementor-element elementor-element-12ba871 elementor-widget elementor-widget-image\" data-id=\"12ba871\" data-element_type=\"widget\" data-widget_type=\"image.default\">\n\t\t\t\t<div class=\"elementor-widget-container\">\n\t\t\t\t\t\t\t\t\t\t\t\t\t\t\t<img decoding=\"async\" width=\"1024\" height=\"1024\" src=\"https:\/\/undiaextra.com\/ude23\/wp-content\/uploads\/2025\/04\/IMG_9581-1024x1024.jpg\" class=\"attachment-large size-large wp-image-816\" alt=\"\" srcset=\"https:\/\/undiaextra.com\/ude23\/wp-content\/uploads\/2025\/04\/IMG_9581-1024x1024.jpg 1024w, https:\/\/undiaextra.com\/ude23\/wp-content\/uploads\/2025\/04\/IMG_9581-300x300.jpg 300w, https:\/\/undiaextra.com\/ude23\/wp-content\/uploads\/2025\/04\/IMG_9581-150x150.jpg 150w, https:\/\/undiaextra.com\/ude23\/wp-content\/uploads\/2025\/04\/IMG_9581-768x768.jpg 768w\" sizes=\"(max-width: 1024px) 100vw, 1024px\" \/>\t\t\t\t\t\t\t\t\t\t\t\t\t\t\t<\/div>\n\t\t\t\t<\/div>\n\t\t\t\t\t<\/div>\n\t\t<\/div>\n\t\t\t\t<div class=\"aux-parallax-section elementor-column elementor-col-66 elementor-top-column elementor-element elementor-element-c9698cb\" data-id=\"c9698cb\" data-element_type=\"column\">\n\t\t\t<div class=\"elementor-widget-wrap elementor-element-populated\">\n\t\t\t\t\t\t<div class=\"elementor-element elementor-element-bc80632 elementor-widget elementor-widget-text-editor\" data-id=\"bc80632\" data-element_type=\"widget\" data-widget_type=\"text-editor.default\">\n\t\t\t\t<div class=\"elementor-widget-container\">\n\t\t\t\t\t\t\t\t\t<p class=\"\" data-start=\"262\" data-end=\"476\">Acompa\u00f1amos a las organizaciones en la implementaci\u00f3n de estrategias basadas en principios <strong data-start=\"353\" data-end=\"361\">LEAN<\/strong>, con el objetivo de optimizar procesos, eliminar desperdicios y generar valor continuo en las operaciones diarias.<\/p><p class=\"\" data-start=\"478\" data-end=\"713\">Nuestra propuesta LEAN parte de una visi\u00f3n integral que combina <strong data-start=\"542\" data-end=\"577\">personas, procesos y tecnolog\u00eda<\/strong>, permitiendo identificar ineficiencias, redise\u00f1ar flujos de trabajo y promover una cultura de mejora continua orientada a resultados.<\/p><p class=\"\" data-start=\"715\" data-end=\"1060\">El acompa\u00f1amiento incluye actividades como el mapeo de procesos actuales, an\u00e1lisis de puntos cr\u00edticos, definici\u00f3n de indicadores clave, sesiones colaborativas para redise\u00f1ar procesos y generaci\u00f3n de h\u00e1bitos que impulsen la eficiencia. Tambi\u00e9n se integran herramientas digitales que facilitan la medici\u00f3n, automatizaci\u00f3n y seguimiento de mejoras.<\/p><p class=\"\" data-start=\"1062\" data-end=\"1321\">A trav\u00e9s de metodolog\u00edas pr\u00e1cticas y talleres con equipos multidisciplinarios, ayudamos a consolidar una mentalidad orientada al valor, empoderando a los colaboradores para identificar oportunidades de mejora e implementar soluciones sostenibles en el tiempo.<\/p>\t\t\t\t\t\t\t\t<\/div>\n\t\t\t\t<\/div>\n\t\t\t\t\t<\/div>\n\t\t<\/div>\n\t\t\t\t\t<\/div>\n\t\t<\/section>\n\t\t\t\t<section class=\"elementor-section elementor-top-section elementor-element elementor-element-6f3ecdb elementor-section-boxed elementor-section-height-default elementor-section-height-default\" data-id=\"6f3ecdb\" data-element_type=\"section\">\n\t\t\t\t\t\t<div class=\"elementor-container elementor-column-gap-default\">\n\t\t\t\t\t<div class=\"aux-parallax-section elementor-column elementor-col-100 elementor-top-column elementor-element elementor-element-30e855d\" data-id=\"30e855d\" data-element_type=\"column\">\n\t\t\t<div class=\"elementor-widget-wrap elementor-element-populated\">\n\t\t\t\t\t\t<div class=\"elementor-element elementor-element-e5df777 elementor-widget elementor-widget-spacer\" data-id=\"e5df777\" data-element_type=\"widget\" data-widget_type=\"spacer.default\">\n\t\t\t\t<div class=\"elementor-widget-container\">\n\t\t\t\t\t\t\t<div class=\"elementor-spacer\">\n\t\t\t<div class=\"elementor-spacer-inner\"><\/div>\n\t\t<\/div>\n\t\t\t\t\t\t<\/div>\n\t\t\t\t<\/div>\n\t\t\t\t\t<\/div>\n\t\t<\/div>\n\t\t\t\t\t<\/div>\n\t\t<\/section>\n\t\t\t\t<section class=\"elementor-section elementor-top-section elementor-element elementor-element-d8c9962 elementor-section-boxed elementor-section-height-default elementor-section-height-default\" data-id=\"d8c9962\" data-element_type=\"section\">\n\t\t\t\t\t\t<div class=\"elementor-container elementor-column-gap-extended\">\n\t\t\t\t\t<div class=\"aux-parallax-section elementor-column elementor-col-33 elementor-top-column elementor-element elementor-element-7ad19a4\" data-id=\"7ad19a4\" data-element_type=\"column\">\n\t\t\t<div class=\"elementor-widget-wrap elementor-element-populated\">\n\t\t\t\t\t\t<div class=\"elementor-element elementor-element-7caeab4 elementor-widget elementor-widget-aux_circle_chart\" data-id=\"7caeab4\" data-element_type=\"widget\" data-widget_type=\"aux_circle_chart.default\">\n\t\t\t\t<div class=\"elementor-widget-container\">\n\t\t\t\t\t        <span class='aux-chart-title'><\/span>\n        <div class=\"aux-circle-chart-wrapper\">\n            <div class=\"aux-bg-circle\"><\/div>\n            <div class=\"aux-circle-chart aux-animate\">\n                <span class='aux-number'>40<span>%<\/span><\/span>\n                <span class=\"aux-chart-subtitle\"><\/span>\n            <\/div>\n        <\/div>\n        \t\t\t\t<\/div>\n\t\t\t\t<\/div>\n\t\t\t\t<div class=\"elementor-element elementor-element-1ca031d elementor-widget elementor-widget-text-editor\" data-id=\"1ca031d\" data-element_type=\"widget\" data-widget_type=\"text-editor.default\">\n\t\t\t\t<div class=\"elementor-widget-container\">\n\t\t\t\t\t\t\t\t\t<p style=\"text-align: center;\"><strong data-start=\"1375\" data-end=\"1404\">de reducci\u00f3n <\/strong>en tiempos de ciclo en procesos operativos clave.<\/p>\t\t\t\t\t\t\t\t<\/div>\n\t\t\t\t<\/div>\n\t\t\t\t\t<\/div>\n\t\t<\/div>\n\t\t\t\t<div class=\"aux-parallax-section elementor-column elementor-col-33 elementor-top-column elementor-element elementor-element-9807ac9\" data-id=\"9807ac9\" data-element_type=\"column\">\n\t\t\t<div class=\"elementor-widget-wrap elementor-element-populated\">\n\t\t\t\t\t\t<div class=\"elementor-element elementor-element-0095899 elementor-widget elementor-widget-aux_circle_chart\" data-id=\"0095899\" data-element_type=\"widget\" data-widget_type=\"aux_circle_chart.default\">\n\t\t\t\t<div class=\"elementor-widget-container\">\n\t\t\t\t\t        <span class='aux-chart-title'><\/span>\n        <div class=\"aux-circle-chart-wrapper\">\n            <div class=\"aux-bg-circle\"><\/div>\n            <div class=\"aux-circle-chart aux-animate\">\n                <span class='aux-number'>35<span>%<\/span><\/span>\n                <span class=\"aux-chart-subtitle\"><\/span>\n            <\/div>\n        <\/div>\n        \t\t\t\t<\/div>\n\t\t\t\t<\/div>\n\t\t\t\t<div class=\"elementor-element elementor-element-1c79413 elementor-widget elementor-widget-text-editor\" data-id=\"1c79413\" data-element_type=\"widget\" data-widget_type=\"text-editor.default\">\n\t\t\t\t<div class=\"elementor-widget-container\">\n\t\t\t\t\t\t\t\t\t<p style=\"text-align: center;\"><strong data-start=\"1459\" data-end=\"1481\">de incremento<\/strong>\u00a0en la capacidad de respuesta de los equipos al implementar mejoras inmediatas.<\/p>\t\t\t\t\t\t\t\t<\/div>\n\t\t\t\t<\/div>\n\t\t\t\t\t<\/div>\n\t\t<\/div>\n\t\t\t\t<div class=\"aux-parallax-section elementor-column elementor-col-33 elementor-top-column elementor-element elementor-element-df05916\" data-id=\"df05916\" data-element_type=\"column\">\n\t\t\t<div class=\"elementor-widget-wrap elementor-element-populated\">\n\t\t\t\t\t\t<div class=\"elementor-element elementor-element-1167f6f elementor-widget elementor-widget-aux_circle_chart\" data-id=\"1167f6f\" data-element_type=\"widget\" data-widget_type=\"aux_circle_chart.default\">\n\t\t\t\t<div class=\"elementor-widget-container\">\n\t\t\t\t\t        <span class='aux-chart-title'><\/span>\n        <div class=\"aux-circle-chart-wrapper\">\n            <div class=\"aux-bg-circle\"><\/div>\n            <div class=\"aux-circle-chart aux-animate\">\n                <span class='aux-number'>80<span>%<\/span><\/span>\n                <span class=\"aux-chart-subtitle\"><\/span>\n            <\/div>\n        <\/div>\n        \t\t\t\t<\/div>\n\t\t\t\t<\/div>\n\t\t\t\t<div class=\"elementor-element elementor-element-13c9f68 elementor-widget elementor-widget-text-editor\" data-id=\"13c9f68\" data-element_type=\"widget\" data-widget_type=\"text-editor.default\">\n\t\t\t\t<div class=\"elementor-widget-container\">\n\t\t\t\t\t\t\t\t\t<p style=\"text-align: center;\"><strong data-start=\"1565\" data-end=\"1601\">de los participantes<\/strong> afirmaron sentirse capacitados para detectar y abordar oportunidades de mejora en su d\u00eda a d\u00eda.<\/p>\t\t\t\t\t\t\t\t<\/div>\n\t\t\t\t<\/div>\n\t\t\t\t\t<\/div>\n\t\t<\/div>\n\t\t\t\t\t<\/div>\n\t\t<\/section>\n\t\t\t\t<section class=\"elementor-section elementor-top-section elementor-element elementor-element-21575ba elementor-section-boxed elementor-section-height-default elementor-section-height-default\" data-id=\"21575ba\" data-element_type=\"section\">\n\t\t\t\t\t\t<div class=\"elementor-container elementor-column-gap-default\">\n\t\t\t\t\t<div class=\"aux-parallax-section elementor-column elementor-col-100 elementor-top-column elementor-element elementor-element-ee793d1\" data-id=\"ee793d1\" data-element_type=\"column\">\n\t\t\t<div class=\"elementor-widget-wrap elementor-element-populated\">\n\t\t\t\t\t\t<div class=\"elementor-element elementor-element-e016725 elementor-widget elementor-widget-spacer\" data-id=\"e016725\" data-element_type=\"widget\" data-widget_type=\"spacer.default\">\n\t\t\t\t<div class=\"elementor-widget-container\">\n\t\t\t\t\t\t\t<div class=\"elementor-spacer\">\n\t\t\t<div class=\"elementor-spacer-inner\"><\/div>\n\t\t<\/div>\n\t\t\t\t\t\t<\/div>\n\t\t\t\t<\/div>\n\t\t\t\t\t<\/div>\n\t\t<\/div>\n\t\t\t\t\t<\/div>\n\t\t<\/section>\n\t\t\t\t<\/div>\n\t\t","protected":false},"excerpt":{"rendered":"<p>Lean Acompa\u00f1amos a las organizaciones en la implementaci\u00f3n de estrategias basadas en principios LEAN, con el objetivo de optimizar procesos, eliminar desperdicios y generar valor continuo en las operaciones diarias. Nuestra propuesta LEAN parte de una visi\u00f3n integral que combina personas, procesos y tecnolog\u00eda, permitiendo identificar ineficiencias, redise\u00f1ar flujos de trabajo y promover una cultura [&hellip;]<\/p>\n","protected":false},"author":2,"featured_media":0,"parent":0,"menu_order":0,"comment_status":"closed","ping_status":"closed","template":"elementor_canvas","meta":{"footnotes":""},"class_list":["post-792","page","type-page","status-publish","hentry"],"_links":{"self":[{"href":"https:\/\/undiaextra.com\/ude23\/wp-json\/wp\/v2\/pages\/792","targetHints":{"allow":["GET"]}}],"collection":[{"href":"https:\/\/undiaextra.com\/ude23\/wp-json\/wp\/v2\/pages"}],"about":[{"href":"https:\/\/undiaextra.com\/ude23\/wp-json\/wp\/v2\/types\/page"}],"author":[{"embeddable":true,"href":"https:\/\/undiaextra.com\/ude23\/wp-json\/wp\/v2\/users\/2"}],"replies":[{"embeddable":true,"href":"https:\/\/undiaextra.com\/ude23\/wp-json\/wp\/v2\/comments?post=792"}],"version-history":[{"count":21,"href":"https:\/\/undiaextra.com\/ude23\/wp-json\/wp\/v2\/pages\/792\/revisions"}],"predecessor-version":[{"id":1030,"href":"https:\/\/undiaextra.com\/ude23\/wp-json\/wp\/v2\/pages\/792\/revisions\/1030"}],"wp:attachment":[{"href":"https:\/\/undiaextra.com\/ude23\/wp-json\/wp\/v2\/media?parent=792"}],"curies":[{"name":"wp","href":"https:\/\/api.w.org\/{rel}","templated":true}]}}